{"id":218,"date":"2024-11-25T13:56:43","date_gmt":"2024-11-25T13:56:43","guid":{"rendered":"https:\/\/theoneclinic.com.mx\/about\/"},"modified":"2025-03-04T19:15:59","modified_gmt":"2025-03-05T01:15:59","slug":"about","status":"publish","type":"page","link":"https:\/\/theoneclinic.com.mx\/es\/about\/","title":{"rendered":"Nosotros"},"content":{"rendered":"<div class=\"wp-block-uagb-container uagb-layout-flex uagb-block-f6474934 alignfull uagb-is-root-container\"><\/div>\n\n\n\n<div class=\"wp-block-uagb-container uagb-block-da5d164a alignfull uagb-is-root-container\">\n<div class=\"wp-block-uagb-advanced-heading uagb-block-7d9c3655\"><h2 class=\"uagb-heading-text\"><strong>The One Clinic: Donde la innovaci\u00f3n se encuentra con el cuidado<\/strong><\/h2><\/div>\n\n\n\n<div class=\"wp-block-uagb-container uagb-block-fdfc0364\">\n<div class=\"wp-block-uagb-info-box uagb-block-0ef86749 uagb-infobox__content-wrap  uagb-infobox-icon-above-title uagb-infobox-image-valign-top\"><div class=\"uagb-ifb-content\"><div class=\"uagb-ifb-title-wrap\"><\/div><p class=\"uagb-ifb-desc translation-block\"><br><br><br>The One Clinic fue fundada en marzo de 2024 como una instituci\u00f3n pionera especializada en medicina regenerativa, nacida del reconocido <strong>Instituto de Terapia Celular (ITC)<\/strong>, un banco l\u00edder de c\u00e9lulas madre mesenquimales. Bas\u00e1ndose en el legado de innovaci\u00f3n y excelencia del ITC en terapias celulares, The One Clinic se estableci\u00f3 para llevar tratamientos regenerativos de vanguardia a pacientes que buscan soluciones transformadoras de atenci\u00f3n m\u00e9dica.<br>Misi\u00f3n: Proveer terapias especializadas y confiables a quienes buscan tratamientos m\u00e9dicos innovadores.<br>Visi\u00f3n: Establecer el est\u00e1ndar en medicina regenerativa, ofreciendo soluciones revolucionarias que mejoren tanto la salud como la est\u00e9tica, elevando la calidad de vida.\"<\/strong><\/p><\/div><\/div>\n\n\n\n<div class=\"wp-block-uagb-image uagb-block-f1124d33 wp-block-uagb-image--layout-default wp-block-uagb-image--effect-zoomin wp-block-uagb-image--align-none\"><figure class=\"wp-block-uagb-image__figure\"><img decoding=\"async\" srcset=\"https:\/\/theoneclinic.com.mx\/wp-content\/uploads\/2024\/12\/ITC-95_CROP-1024x682.jpg ,https:\/\/theoneclinic.com.mx\/wp-content\/uploads\/2024\/12\/ITC-95_CROP.jpg 780w, https:\/\/theoneclinic.com.mx\/wp-content\/uploads\/2024\/12\/ITC-95_CROP.jpg 360w\" sizes=\"auto, (max-width: 480px) 150px\" src=\"https:\/\/theoneclinic.com.mx\/wp-content\/uploads\/2024\/12\/ITC-95_CROP-1024x682.jpg\" alt=\"\" class=\"uag-image-1331\" width=\"1024\" height=\"682\" title=\"\" loading=\"lazy\" role=\"presentation\"\/><\/figure><\/div>\n\n\n\n<p style=\"font-size:1.2em\"><br>Estimado Paciente:<\/p>\n\n\n\n<p>Con un enfoque en la atenci\u00f3n personalizada y la biotecnolog\u00eda avanzada, estamos dedicados a liberar el potencial natural de curaci\u00f3n del cuerpo y a mejorar vidas a trav\u00e9s del poder de la medicina regenerativa.<\/p>\n\n\n\n<p>&nbsp;En The One Clinic, combinamos experiencia cient\u00edfica con atenci\u00f3n compasiva para redefinir lo que es posible en salud y bienestar.<\/p>\n\n\n\n<p>Estamos emocionados de darte la bienvenida a un nuevo cap\u00edtulo en tu camino hacia la salud. Nuestro equipo de profesionales dedicados est\u00e1 aqu\u00ed para guiarte en cada paso del proceso, ofreciendo tratamientos regenerativos personalizados dise\u00f1ados para ayudarte a sentirte en tu mejor versi\u00f3n. Ya sea que busques alivio, rejuvenecimiento o una experiencia transformadora de bienestar, estamos listos para brindarte la atenci\u00f3n que mereces.<\/p>\n\n\n\n<p>Estamos emocionados de conocerte y ser parte de tu camino hacia el bienestar.<\/p>\n\n\n\n<p style=\"font-size:1.2em\" class=\"translation-block\">Saludos cordiales, <strong>El Equipo de The One Clinic<\/strong><\/p>\n<\/div>\n<\/div>\n\n\n\n<div class=\"wp-block-uagb-advanced-heading uagb-block-3f862918\"><div class=\"uagb-separator\"><\/div><h2 class=\"uagb-heading-text\">Nuestras Creencias Fundamentales<\/h2><\/div>\n\n\n\n<div class=\"wp-block-uagb-container uagb-layout-grid uagb-block-e28cfc75 alignfull uagb-is-root-container\"><div class=\"uagb-container-inner-blocks-wrap\">\n<div class=\"wp-block-uagb-advanced-heading uagb-block-eda63079\"><h2 class=\"uagb-heading-text\">Misi\u00f3n<\/h2><p class=\"uagb-desc-text\">Proporcionar terapias especializadas y confiables a quienes buscan tratamientos m\u00e9dicos de vanguardia.<\/p><\/div>\n\n\n\n<div class=\"wp-block-uagb-advanced-heading uagb-block-85427a9f\"><h2 class=\"uagb-heading-text\">Visi\u00f3n<\/h2><p class=\"uagb-desc-text\">Establecer el est\u00e1ndar en terapia con c\u00e9lulas madre, ofreciendo soluciones innovadoras que mejoran tanto la salud como la est\u00e9tica, elevando la calidad de vida.<\/p><\/div>\n\n\n\n<div class=\"wp-block-uagb-container uagb-block-f0a15929\">\n<div class=\"wp-block-uagb-advanced-heading uagb-block-148f71c6\"><h2 class=\"uagb-heading-text\">Valores<\/h2><\/div>\n\n\n\n<div class=\"wp-block-columns is-layout-flex wp-container-core-columns-is-layout-1 wp-block-columns-is-layout-flex\">\n<div class=\"wp-block-column is-layout-flow wp-block-column-is-layout-flow\" style=\"flex-basis:100%\">\n<details class=\"wp-block-details is-layout-flow wp-block-details-is-layout-flow\" open><summary>Our Values<\/summary>\n<div class=\"wp-block-uagb-icon-list uagb-block-be0f6192\"><div class=\"uagb-icon-list__wrap\">\n<div class=\"wp-block-uagb-icon-list-child uagb-block-b1e98b3c\"><a target=\"_self\" aria-label=\"Innovation: Continuously advancing medical practices through cutting-edge research and technology.\" rel=\"noopener noreferrer\" href=\"#\"> <\/a><span class=\"uagb-icon-list__source-wrap\"><svg xmlns=\"https:\/\/www.w3.org\/2000\/svg\" viewbox=\"0 0 256 512\"><path d=\"M118.6 105.4l128 127.1C252.9 239.6 256 247.8 256 255.1s-3.125 16.38-9.375 22.63l-128 127.1c-9.156 9.156-22.91 11.9-34.88 6.943S64 396.9 64 383.1V128c0-12.94 7.781-24.62 19.75-29.58S109.5 96.23 118.6 105.4z\"><\/path><\/svg><\/span><span class=\"uagb-icon-list__label\"><strong>Innovation<\/strong>: Continuously advancing medical practices through cutting-edge research and technology.<\/span><\/div>\n\n\n\n<div class=\"wp-block-uagb-icon-list-child uagb-block-bab344fa\"><a target=\"_self\" aria-label=\"Excellence: Striving for the highest standards in patient care and treatment outcomes\" rel=\"noopener noreferrer\" href=\"#\"> <\/a><span class=\"uagb-icon-list__source-wrap\"><svg xmlns=\"https:\/\/www.w3.org\/2000\/svg\" viewbox=\"0 0 256 512\"><path d=\"M118.6 105.4l128 127.1C252.9 239.6 256 247.8 256 255.1s-3.125 16.38-9.375 22.63l-128 127.1c-9.156 9.156-22.91 11.9-34.88 6.943S64 396.9 64 383.1V128c0-12.94 7.781-24.62 19.75-29.58S109.5 96.23 118.6 105.4z\"><\/path><\/svg><\/span><span class=\"uagb-icon-list__label\"><strong>Excellence<\/strong>: Striving for the highest standards in patient care and treatment outcomes<\/span><\/div>\n\n\n\n<div class=\"wp-block-uagb-icon-list-child uagb-block-848cfa54\"><a target=\"_self\" aria-label=\"Integrity: Maintaining honesty, transparency, and ethical practices in all aspects of the clinic's operations.\u200b\" rel=\"noopener noreferrer\" href=\"#\"> <\/a><span class=\"uagb-icon-list__source-wrap\"><svg xmlns=\"https:\/\/www.w3.org\/2000\/svg\" viewbox=\"0 0 256 512\"><path d=\"M118.6 105.4l128 127.1C252.9 239.6 256 247.8 256 255.1s-3.125 16.38-9.375 22.63l-128 127.1c-9.156 9.156-22.91 11.9-34.88 6.943S64 396.9 64 383.1V128c0-12.94 7.781-24.62 19.75-29.58S109.5 96.23 118.6 105.4z\"><\/path><\/svg><\/span><span class=\"uagb-icon-list__label\"><strong>Integrity<\/strong>: Maintaining honesty, transparency, and ethical practices in all aspects of the clinic&#8217;s operations.\u200b<\/span><\/div>\n<\/div><\/div>\n<\/details>\n<\/div>\n<\/div>\n<\/div>\n<\/div><\/div>\n\n\n\t\t\t\t\t<div\n\t\t\t\t\t\tclass=\"wp-block-uagb-image-gallery uagb-block-b40f0db4\"\n\t\t\t\t\t\tstyle=\"\"\n\t\t\t\t\t>\n\t\t\t\t\t\t\t\t\t\t\t<div class=\"spectra-image-gallery spectra-image-gallery__layout--grid spectra-image-gallery__layout--grid-col-2 spectra-image-gallery__layout--grid-col-tab-2 spectra-image-gallery__layout--grid-col-mob-2\">\n\t\t\t\t\t\t\t\t\t\t\t<div class='spectra-image-gallery__media-wrapper' data-spectra-gallery-image-id='1135' tabindex=\"0\">\n\t\t\t\t\t\t\t<div class=\"spectra-image-gallery__media spectra-image-gallery__media--grid\">\n\t\t\t\t<picture>\n\t\t\t\t\t<source media=\"(min-width: 1024px)\" srcset=\"https:\/\/theoneclinic.com.mx\/wp-content\/uploads\/2024\/11\/ITC-9_FOCUS-1024x604.jpg\">\n\t\t\t\t\t<source media=\"(min-width: 768px)\" srcset=\"https:\/\/theoneclinic.com.mx\/wp-content\/uploads\/2024\/11\/ITC-9_FOCUS-1024x604.jpg\">\n\t\t\t\t\t<img decoding=\"async\" class=\"spectra-image-gallery__media-thumbnail spectra-image-gallery__media-thumbnail--grid\" src=\"https:\/\/theoneclinic.com.mx\/wp-content\/uploads\/2024\/11\/ITC-9_FOCUS-300x177.jpg\" alt=\"\" loading=\"lazy\" \/>\n\t\t\t\t<\/picture>\n\t\t\t\t<div class=\"spectra-image-gallery__media-thumbnail-blurrer\"><\/div>\n\t\t\t\t\t\t\t\t\t\t\t<div class=\"spectra-image-gallery__media-thumbnail-caption-wrapper spectra-image-gallery__media-thumbnail-caption-wrapper--overlay\"><\/div>\n\t\t\t\t\t\t\t\t<\/div>\n\t\t\t\t\t\t<\/div>\n\t\t\t\t\t\t<div class='spectra-image-gallery__media-wrapper' data-spectra-gallery-image-id='1136' tabindex=\"0\">\n\t\t\t\t\t\t\t<div class=\"spectra-image-gallery__media spectra-image-gallery__media--grid\">\n\t\t\t\t<picture>\n\t\t\t\t\t<source media=\"(min-width: 1024px)\" srcset=\"https:\/\/theoneclinic.com.mx\/wp-content\/uploads\/2024\/11\/ITC-56_RESIZED-1024x682.jpg\">\n\t\t\t\t\t<source media=\"(min-width: 768px)\" srcset=\"https:\/\/theoneclinic.com.mx\/wp-content\/uploads\/2024\/11\/ITC-56_RESIZED-1024x682.jpg\">\n\t\t\t\t\t<img decoding=\"async\" class=\"spectra-image-gallery__media-thumbnail spectra-image-gallery__media-thumbnail--grid\" src=\"https:\/\/theoneclinic.com.mx\/wp-content\/uploads\/2024\/11\/ITC-56_RESIZED-300x200.jpg\" alt=\"\" loading=\"lazy\" \/>\n\t\t\t\t<\/picture>\n\t\t\t\t<div class=\"spectra-image-gallery__media-thumbnail-blurrer\"><\/div>\n\t\t\t\t\t\t\t\t\t\t\t<div class=\"spectra-image-gallery__media-thumbnail-caption-wrapper spectra-image-gallery__media-thumbnail-caption-wrapper--overlay\"><\/div>\n\t\t\t\t\t\t\t\t<\/div>\n\t\t\t\t\t\t<\/div>\n\t\t\t\t\t\t<div class='spectra-image-gallery__media-wrapper' data-spectra-gallery-image-id='1076' tabindex=\"0\">\n\t\t\t\t\t\t\t<div class=\"spectra-image-gallery__media spectra-image-gallery__media--grid\">\n\t\t\t\t<picture>\n\t\t\t\t\t<source media=\"(min-width: 1024px)\" srcset=\"https:\/\/theoneclinic.com.mx\/wp-content\/uploads\/2024\/11\/ITC-149_FILTERED-1024x682.jpg\">\n\t\t\t\t\t<source media=\"(min-width: 768px)\" srcset=\"https:\/\/theoneclinic.com.mx\/wp-content\/uploads\/2024\/11\/ITC-149_FILTERED-1024x682.jpg\">\n\t\t\t\t\t<img decoding=\"async\" class=\"spectra-image-gallery__media-thumbnail spectra-image-gallery__media-thumbnail--grid\" src=\"https:\/\/theoneclinic.com.mx\/wp-content\/uploads\/2024\/11\/ITC-149_FILTERED-300x200.jpg\" alt=\"\" loading=\"lazy\" \/>\n\t\t\t\t<\/picture>\n\t\t\t\t<div class=\"spectra-image-gallery__media-thumbnail-blurrer\"><\/div>\n\t\t\t\t\t\t\t\t\t\t\t<div class=\"spectra-image-gallery__media-thumbnail-caption-wrapper spectra-image-gallery__media-thumbnail-caption-wrapper--overlay\"><\/div>\n\t\t\t\t\t\t\t\t<\/div>\n\t\t\t\t\t\t<\/div>\n\t\t\t\t\t\t<div class='spectra-image-gallery__media-wrapper' data-spectra-gallery-image-id='1047' tabindex=\"0\">\n\t\t\t\t\t\t\t<div class=\"spectra-image-gallery__media spectra-image-gallery__media--grid\">\n\t\t\t\t<picture>\n\t\t\t\t\t<source media=\"(min-width: 1024px)\" srcset=\"https:\/\/theoneclinic.com.mx\/wp-content\/uploads\/2024\/11\/IMG_5161_FILTERED-1024x818.jpg\">\n\t\t\t\t\t<source media=\"(min-width: 768px)\" srcset=\"https:\/\/theoneclinic.com.mx\/wp-content\/uploads\/2024\/11\/IMG_5161_FILTERED-1024x818.jpg\">\n\t\t\t\t\t<img decoding=\"async\" class=\"spectra-image-gallery__media-thumbnail spectra-image-gallery__media-thumbnail--grid\" src=\"https:\/\/theoneclinic.com.mx\/wp-content\/uploads\/2024\/11\/IMG_5161_FILTERED-300x240.jpg\" alt=\"\" loading=\"lazy\" \/>\n\t\t\t\t<\/picture>\n\t\t\t\t<div class=\"spectra-image-gallery__media-thumbnail-blurrer\"><\/div>\n\t\t\t\t\t\t\t\t\t\t\t<div class=\"spectra-image-gallery__media-thumbnail-caption-wrapper spectra-image-gallery__media-thumbnail-caption-wrapper--overlay\"><\/div>\n\t\t\t\t\t\t\t\t<\/div>\n\t\t\t\t\t\t<\/div>\n\t\t\t\t\t\t<div class='spectra-image-gallery__media-wrapper' data-spectra-gallery-image-id='1335' tabindex=\"0\">\n\t\t\t\t\t\t\t<div class=\"spectra-image-gallery__media spectra-image-gallery__media--grid\">\n\t\t\t\t<picture>\n\t\t\t\t\t<source media=\"(min-width: 1024px)\" srcset=\"https:\/\/theoneclinic.com.mx\/wp-content\/uploads\/2024\/12\/ITC-86_CROP-1024x682.jpg\">\n\t\t\t\t\t<source media=\"(min-width: 768px)\" srcset=\"https:\/\/theoneclinic.com.mx\/wp-content\/uploads\/2024\/12\/ITC-86_CROP-1024x682.jpg\">\n\t\t\t\t\t<img decoding=\"async\" class=\"spectra-image-gallery__media-thumbnail spectra-image-gallery__media-thumbnail--grid\" src=\"https:\/\/theoneclinic.com.mx\/wp-content\/uploads\/2024\/12\/ITC-86_CROP-300x200.jpg\" alt=\"\" loading=\"lazy\" \/>\n\t\t\t\t<\/picture>\n\t\t\t\t<div class=\"spectra-image-gallery__media-thumbnail-blurrer\"><\/div>\n\t\t\t\t\t\t\t\t\t\t\t<div class=\"spectra-image-gallery__media-thumbnail-caption-wrapper spectra-image-gallery__media-thumbnail-caption-wrapper--overlay\"><\/div>\n\t\t\t\t\t\t\t\t<\/div>\n\t\t\t\t\t\t<\/div>\n\t\t\t\t\t\t\t\t\t\t<\/div>\n\t\t\t\t\t\t\t\t\t\t\t\t\t\t\t\t\t\t<\/div>","protected":false},"excerpt":{"rendered":"<p>The One Clinic: Where Innovation Meets Care Dear Patient: With a focus on personalized care and advanced biotechnology, we are dedicated to unlocking the body\u2019s natural healing potential and improving lives through the power of regenerative medicine. &nbsp;At The One Clinic, we combine scientific expertise with compassionate care to redefine what\u2019s possible in health and [&hellip;]<\/p>","protected":false},"author":1,"featured_media":0,"parent":0,"menu_order":0,"comment_status":"closed","ping_status":"closed","template":"","meta":{"_uag_custom_page_level_css":"","site-sidebar-layout":"no-sidebar","site-content-layout":"plain-container","ast-site-content-layout":"full-width-container","site-content-style":"unboxed","site-sidebar-style":"unboxed","ast-global-header-display":"","ast-banner-title-visibility":"","ast-main-header-display":"","ast-hfb-above-header-display":"","ast-hfb-below-header-display":"","ast-hfb-mobile-header-display":"","site-post-title":"disabled","ast-breadcrumbs-content":"","ast-featured-img":"disabled","footer-sml-layout":"","ast-disable-related-posts":"","theme-transparent-header-meta":"enabled","adv-header-id-meta":"","stick-header-meta":"","header-above-stick-meta":"","header-main-stick-meta":"","header-below-stick-meta":"","astra-migrate-meta-layouts":"set","ast-page-background-enabled":"default","ast-page-background-meta":{"desktop":{"background-color":"","background-image":"","background-repeat":"repeat","background-position":"center center","background-size":"auto","background-attachment":"scroll","background-type":"","background-media":"","overlay-type":"","overlay-color":"","overlay-opacity":"","overlay-gradient":""},"tablet":{"background-color":"","background-image":"","background-repeat":"repeat","background-position":"center center","background-size":"auto","background-attachment":"scroll","background-type":"","background-media":"","overlay-type":"","overlay-color":"","overlay-opacity":"","overlay-gradient":""},"mobile":{"background-color":"","background-image":"","background-repeat":"repeat","background-position":"center center","background-size":"auto","background-attachment":"scroll","background-type":"","background-media":"","overlay-type":"","overlay-color":"","overlay-opacity":"","overlay-gradient":""}},"ast-content-background-meta":{"desktop":{"background-color":"var(--ast-global-color-5)","background-image":"","background-repeat":"repeat","background-position":"center center","background-size":"auto","background-attachment":"scroll","background-type":"","background-media":"","overlay-type":"","overlay-color":"","overlay-opacity":"","overlay-gradient":""},"tablet":{"background-color":"var(--ast-global-color-5)","background-image":"","background-repeat":"repeat","background-position":"center center","background-size":"auto","background-attachment":"scroll","background-type":"","background-media":"","overlay-type":"","overlay-color":"","overlay-opacity":"","overlay-gradient":""},"mobile":{"background-color":"var(--ast-global-color-5)","background-image":"","background-repeat":"repeat","background-position":"center center","background-size":"auto","background-attachment":"scroll","background-type":"","background-media":"","overlay-type":"","overlay-color":"","overlay-opacity":"","overlay-gradient":""}},"_joinchat":[],"footnotes":""},"class_list":["post-218","page","type-page","status-publish","hentry"],"aioseo_notices":[],"uagb_featured_image_src":{"full":false,"thumbnail":false,"medium":false,"medium_large":false,"large":false,"1536x1536":false,"2048x2048":false,"trp-custom-language-flag":false},"uagb_author_info":{"display_name":"jagaravitosc@gmail.com","author_link":"https:\/\/theoneclinic.com.mx\/es\/author\/jagaravitoscgmail-com\/"},"uagb_comment_info":0,"uagb_excerpt":"The One Clinic: Where Innovation Meets Care Dear Patient: With a focus on personalized care and advanced biotechnology, we are dedicated to unlocking the body\u2019s natural healing potential and improving lives through the power of regenerative medicine. &nbsp;At The One Clinic, we combine scientific expertise with compassionate care to redefine what\u2019s possible in health and&hellip;","_links":{"self":[{"href":"https:\/\/theoneclinic.com.mx\/es\/wp-json\/wp\/v2\/pages\/218","targetHints":{"allow":["GET"]}}],"collection":[{"href":"https:\/\/theoneclinic.com.mx\/es\/wp-json\/wp\/v2\/pages"}],"about":[{"href":"https:\/\/theoneclinic.com.mx\/es\/wp-json\/wp\/v2\/types\/page"}],"author":[{"embeddable":true,"href":"https:\/\/theoneclinic.com.mx\/es\/wp-json\/wp\/v2\/users\/1"}],"replies":[{"embeddable":true,"href":"https:\/\/theoneclinic.com.mx\/es\/wp-json\/wp\/v2\/comments?post=218"}],"version-history":[{"count":38,"href":"https:\/\/theoneclinic.com.mx\/es\/wp-json\/wp\/v2\/pages\/218\/revisions"}],"predecessor-version":[{"id":1451,"href":"https:\/\/theoneclinic.com.mx\/es\/wp-json\/wp\/v2\/pages\/218\/revisions\/1451"}],"wp:attachment":[{"href":"https:\/\/theoneclinic.com.mx\/es\/wp-json\/wp\/v2\/media?parent=218"}],"curies":[{"name":"wp","href":"https:\/\/api.w.org\/{rel}","templated":true}]}}