{"id":220,"date":"2024-11-25T13:56:43","date_gmt":"2024-11-25T13:56:43","guid":{"rendered":"https:\/\/theoneclinic.com.mx\/contact\/"},"modified":"2025-04-10T12:46:47","modified_gmt":"2025-04-10T18:46:47","slug":"contact","status":"publish","type":"page","link":"https:\/\/theoneclinic.com.mx\/es\/contact\/","title":{"rendered":"M\u00c1S INFORMACI\u00d3N"},"content":{"rendered":"<div class=\"wp-block-uagb-container uagb-block-2f179a9d alignwide uagb-is-root-container\">\n<p><\/p>\n\n\n\n<div class=\"wp-block-uagb-advanced-heading uagb-block-b63e11bc\"><h1 class=\"uagb-heading-text translation-block\"><strong>Estamos a solo un mensaje de distancia: comienza tu viaje de sanaci\u00f3n<\/strong><\/h1><\/div>\n<\/div>\n\n\n\n<div class=\"wp-block-uagb-info-box uagb-block-04139106 uagb-infobox__content-wrap  uagb-infobox-icon-above-title uagb-infobox-image-valign-top wp-block-uagb-info-box--has-margin\"><div class=\"uagb-infobox-margin-wrapper\"><div class=\"uagb-ifb-content\"><div class=\"uagb-ifb-title-wrap\"><\/div><p class=\"uagb-ifb-desc\">\u00a1Estamos emocionados de saber de ti! Si est\u00e1s en Guadalajara, Jalisco, o planeas visitarnos, cont\u00e1ctanos hoy para saber m\u00e1s sobre c\u00f3mo podemos ayudarte a liberar el potencial curativo de tu cuerpo.<\/p><\/div><\/div><\/div>\n\n\n\n<div class=\"wp-block-uagb-container uagb-block-0452d32b alignfull uagb-is-root-container\"><div class=\"uagb-container-inner-blocks-wrap\">\n<div class=\"wp-block-uagb-container uagb-block-6733f2c0\">\n<div class=\"wp-block-uagb-info-box uagb-block-db80e23a uagb-infobox__content-wrap  uagb-infobox-icon-above-title uagb-infobox-image-valign-top\"><div class=\"uagb-ifb-content\"><div class=\"uagb-ifb-title-wrap\"><h2 class=\"uagb-ifb-title-prefix\"><strong><em>Aqu\u00ed nos contactas...<\/em><\/strong><\/h2><h3 class=\"uagb-ifb-title\">N\u00famero Telef\u00f3nico<\/h3><\/div><\/div><\/div>\n\n\n\n<div class=\"wp-block-uagb-icon-list uagb-block-ee60e42a\"><div class=\"uagb-icon-list__wrap\">\n<div class=\"wp-block-uagb-icon-list-child uagb-block-ea4ebd5b\"><a target=\"_self\" aria-label=\"Contact: +52-3310900321\" rel=\"noopener noreferrer\" href=\"#\"> <\/a><span class=\"uagb-icon-list__source-wrap\"><svg xmlns=\"https:\/\/www.w3.org\/2000\/svg\" viewbox=\"0 0 448 512\"><path d=\"M384 32H64C28.65 32 0 60.65 0 96v320c0 35.35 28.65 64 64 64h320c35.35 0 64-28.65 64-64V96C448 60.65 419.3 32 384 32zM351.6 321.5l-11.62 50.39c-1.633 7.125-7.9 12.11-15.24 12.11c-126.1 0-228.7-102.6-228.7-228.8c0-7.328 4.984-13.59 12.11-15.22l50.38-11.63c7.344-1.703 14.88 2.109 17.93 9.062l23.27 54.28c2.719 6.391 .8828 13.83-4.492 18.22L168.3 232c16.99 34.61 45.14 62.75 79.77 79.75l22.02-26.91c4.344-5.391 11.85-7.25 18.24-4.484l54.24 23.25C349.5 306.6 353.3 314.2 351.6 321.5z\"><\/path><\/svg><\/span><span class=\"uagb-icon-list__label\">Contact: +52-3310900321<\/span><\/div>\n<\/div><\/div>\n\n\n\n<div class=\"wp-block-uagb-advanced-heading uagb-block-f908e4dc\"><h3 class=\"uagb-heading-text\">Correo<\/h3><\/div>\n\n\n\n<div class=\"wp-block-uagb-icon-list uagb-block-91495c23\"><div class=\"uagb-icon-list__wrap\">\n<div class=\"wp-block-uagb-icon-list-child uagb-block-eedcadb7\"><a target=\"_self\" aria-label=\"info.reception@theoneclinic.com.mx\" rel=\"noopener noreferrer\" href=\"#\"> <\/a><span class=\"uagb-icon-list__source-wrap\"><svg xmlns=\"https:\/\/www.w3.org\/2000\/svg\" viewbox=\"0 0 512 512\"><path d=\"M256 0C114.6 0 0 114.6 0 256s114.6 256 256 256s256-114.6 256-256S397.4 0 256 0zM256 128c17.67 0 32 14.33 32 32c0 17.67-14.33 32-32 32S224 177.7 224 160C224 142.3 238.3 128 256 128zM296 384h-80C202.8 384 192 373.3 192 360s10.75-24 24-24h16v-64H224c-13.25 0-24-10.75-24-24S210.8 224 224 224h32c13.25 0 24 10.75 24 24v88h16c13.25 0 24 10.75 24 24S309.3 384 296 384z\"><\/path><\/svg><\/span><span class=\"uagb-icon-list__label\">info.reception@theoneclinic.com.mx<\/span><\/div>\n<\/div><\/div>\n\n\n\n<div class=\"wp-block-uagb-advanced-heading uagb-block-d9c55af5\"><h3 class=\"uagb-heading-text\">Horario de Atenci\u00f3n<\/h3><p class=\"uagb-desc-text translation-block\">Lunes\u2014 Viernes 9am \u2013 6pm<br>S\u00e1bado\u2014 9am \u2013 1pm<br>Domingo \u2014 Cerrado<\/p><\/div>\n<\/div>\n\n\n<p><div class=\"forminator-ui forminator-custom-form forminator-custom-form-1268 forminator-design--basic forminator-enclosed forminator_ajax\" data-forminator-render=\"0\" data-form=\"forminator-module-1268\" data-uid=\"69fb33ef1a095\"><br\/><\/div><form\n\t\t\t\tid=\"forminator-module-1268\"\n\t\t\t\tclass=\"forminator-ui forminator-custom-form forminator-custom-form-1268 forminator-design--basic forminator-enclosed forminator_ajax\"\n\t\t\t\tmethod=\"post\"\n\t\t\t\tdata-forminator-render=\"0\"\n\t\t\t\tdata-form-id=\"1268\"\n\t\t\t\t data-color-option=\"theme\" data-design=\"basic\" data-grid=\"enclosed\" style=\"display: none;\"\n\t\t\t\tdata-uid=\"69fb33ef1a095\" action=\"\"\n\t\t\t><div role=\"alert\" aria-live=\"polite\" class=\"forminator-response-message forminator-error\" aria-hidden=\"true\"><\/div><div class=\"forminator-row\"><div id=\"name-1\" class=\"forminator-field-name forminator-col forminator-col-12\"><div class=\"forminator-field\"><label for=\"forminator-field-name-1_69fb33ef1a095\" id=\"forminator-field-name-1_69fb33ef1a095-label\" class=\"forminator-label\">Nombre: <span class=\"forminator-required\">*<\/span><\/label><input type=\"text\" name=\"name-1\" value=\"\" placeholder=\"E.g. John\" id=\"forminator-field-name-1_69fb33ef1a095\" class=\"forminator-input forminator-name--field\" aria-required=\"true\" autocomplete=\"name\" \/><\/div><\/div><\/div><div class=\"forminator-row\"><div id=\"email-1\" class=\"forminator-field-email forminator-col forminator-col-12\"><div class=\"forminator-field\"><label for=\"forminator-field-email-1_69fb33ef1a095\" id=\"forminator-field-email-1_69fb33ef1a095-label\" class=\"forminator-label\">Correo eMail: <span class=\"forminator-required\">*<\/span><\/label><input type=\"email\" name=\"email-1\" value=\"\" placeholder=\"E.g. john@doe.com\" id=\"forminator-field-email-1_69fb33ef1a095\" class=\"forminator-input forminator-email--field\" data-required=\"true\" aria-required=\"true\" autocomplete=\"email\" \/><\/div><\/div><\/div><div class=\"forminator-row\"><div id=\"phone-1\" class=\"forminator-field-phone forminator-col forminator-col-12\"><div class=\"forminator-field\"><label for=\"forminator-field-phone-1_69fb33ef1a095\" id=\"forminator-field-phone-1_69fb33ef1a095-label\" class=\"forminator-label\">N\u00famero Telef\u00f3nico<\/label><input type=\"text\" name=\"phone-1\" value=\"\" placeholder=\"E.g. +1 3004005000\" id=\"forminator-field-phone-1_69fb33ef1a095\" class=\"forminator-input forminator-field--phone\" data-required=\"\" aria-required=\"false\" autocomplete=\"off\" \/><\/div><\/div><\/div><div class=\"forminator-row\"><div id=\"textarea-1\" class=\"forminator-field-textarea forminator-col forminator-col-12\"><div class=\"forminator-field\"><label for=\"forminator-field-textarea-1_69fb33ef1a095\" id=\"forminator-field-textarea-1_69fb33ef1a095-label\" class=\"forminator-label\">Mensaje:<\/label><textarea name=\"textarea-1\" placeholder=\"Enter your message...\" id=\"forminator-field-textarea-1_69fb33ef1a095\" class=\"forminator-textarea\" rows=\"6\" style=\"--forminator-textarea-min-height:140px;\" maxlength=\"180\" ><\/textarea><span id=\"forminator-field-textarea-1_69fb33ef1a095-description\" class=\"forminator-description\"><span data-limit=\"180\" data-type=\"characters\" data-editor=\"\">0 \/ 180<\/span><\/span><\/div><\/div><\/div><div class=\"forminator-row\"><div id=\"captcha-1\" class=\"forminator-field-captcha forminator-col forminator-col-12\">\t\t<input\n\t\t\t\ttype=\"hidden\"\n\t\t\t\tclass=\"hcaptcha-widget-id\"\n\t\t\t\tname=\"hcaptcha-widget-id\"\n\t\t\t\tvalue=\"eyJzb3VyY2UiOlsiZm9ybWluYXRvclwvZm9ybWluYXRvci5waHAiXSwiZm9ybV9pZCI6MTI2OH0=-2904e8d75ff103b835c69a97730ecaa3\">\n\t\t\t\t<h-captcha\n\t\t\tclass=\"h-captcha\"\n\t\t\tdata-sitekey=\"41cca5be-3d06-4294-a5d0-c4841c569c84\"\n\t\t\tdata-theme=\"light\"\n\t\t\tdata-size=\"normal\"\n\t\t\tdata-auto=\"false\"\n\t\t\tdata-ajax=\"false\"\n\t\t\tdata-force=\"false\">\n\t\t<\/h-captcha>\n\t\t<input type=\"hidden\" id=\"hcaptcha_forminator_nonce\" name=\"hcaptcha_forminator_nonce\" value=\"1351d416e1\" \/><input type=\"hidden\" name=\"_wp_http_referer\" value=\"\/es\/wp-json\/wp\/v2\/pages\/220\" \/><\/div><\/div><input type=\"hidden\" name=\"referer_url\" value=\"\" \/><div class=\"forminator-row forminator-row-last\"><div class=\"forminator-col\"><div class=\"forminator-field\"><button class=\"forminator-button forminator-button-submit\">ENVIAR<\/button><\/div><\/div><\/div><input type=\"hidden\" id=\"forminator_nonce\" name=\"forminator_nonce\" value=\"4d2983a34c\" \/><input type=\"hidden\" name=\"_wp_http_referer\" value=\"\/es\/wp-json\/wp\/v2\/pages\/220\" \/><input type=\"hidden\" name=\"form_id\" value=\"1268\"><input type=\"hidden\" name=\"page_id\" value=\"220\"><input type=\"hidden\" name=\"form_type\" value=\"default\"><input type=\"hidden\" name=\"current_url\" value=\"https:\/\/theoneclinic.com.mx\/es\/contact\/\"><input type=\"hidden\" name=\"render_id\" value=\"0\"><input type=\"hidden\" name=\"action\" value=\"forminator_submit_form_custom-forms\"><label for=\"input_5\" class=\"forminator-hidden\" aria-hidden=\"true\">Please do not fill in this field. <input id=\"input_5\" type=\"text\" name=\"input_5\" value=\"\" autocomplete=\"off\"><\/label><input type=\"hidden\" name=\"trp-form-language\" value=\"es\"\/><\/form><\/p>\n<\/div><\/div>\n\n\n\n<div class=\"wp-block-uagb-container uagb-block-558710cf alignfull uagb-is-root-container\">\t\t\t<div \n\t\t\tclass=\"wp-block-uagb-google-map uagb-google-map__wrap uagb-block-1ac43991\"\n\t\t\tstyle=\"\" >\n\t\t\t\t<embed\n\t\t\t\t\tclass=\"uagb-google-map__iframe\"\n\t\t\t\t\ttitle=\"Google Map for \"\n\t\t\t\t\tsrc=\"https:\/\/maps.google.com\/maps?q=C.%20Juan%20Ruiz%20de%20Alarc%C3%B3n%2097&#038;z=14&#038;hl=en&#038;t=m&#038;output=embed&#038;iwloc=near\"\n\t\t\t\t\twidth=\"640\"\n\t\t\t\t\theight=\"400\"\n\t\t\t\t\tloading=\"lazy\"\n\t\t\t\t><\/embed>\n\t\t\t<\/div>\n\t\t\t<\/div>","protected":false},"excerpt":{"rendered":"<p>We\u2019re Just a Message Away\u2014Start Your Healing Journey\u200b Email\u200b Business Hours\u200b Monday \u2014 Friday 9am \u2013 6pmSaturday \u2014 9am \u2013 1pmSunday \u2014 Closed<\/p>","protected":false},"author":1,"featured_media":0,"parent":0,"menu_order":0,"comment_status":"closed","ping_status":"closed","template":"","meta":{"_uag_custom_page_level_css":"","site-sidebar-layout":"no-sidebar","site-content-layout":"plain-container","ast-site-content-layout":"full-width-container","site-content-style":"unboxed","site-sidebar-style":"unboxed","ast-global-header-display":"","ast-banner-title-visibility":"","ast-main-header-display":"","ast-hfb-above-header-display":"","ast-hfb-below-header-display":"","ast-hfb-mobile-header-display":"","site-post-title":"disabled","ast-breadcrumbs-content":"","ast-featured-img":"","footer-sml-layout":"","ast-disable-related-posts":"","theme-transparent-header-meta":"enabled","adv-header-id-meta":"","stick-header-meta":"","header-above-stick-meta":"","header-main-stick-meta":"","header-below-stick-meta":"","astra-migrate-meta-layouts":"set","ast-page-background-enabled":"default","ast-page-background-meta":{"desktop":{"background-color":"","background-image":"","background-repeat":"repeat","background-position":"center center","background-size":"auto","background-attachment":"scroll","background-type":"","background-media":"","overlay-type":"","overlay-color":"","overlay-opacity":"","overlay-gradient":""},"tablet":{"background-color":"","background-image":"","background-repeat":"repeat","background-position":"center center","background-size":"auto","background-attachment":"scroll","background-type":"","background-media":"","overlay-type":"","overlay-color":"","overlay-opacity":"","overlay-gradient":""},"mobile":{"background-color":"","background-image":"","background-repeat":"repeat","background-position":"center center","background-size":"auto","background-attachment":"scroll","background-type":"","background-media":"","overlay-type":"","overlay-color":"","overlay-opacity":"","overlay-gradient":""}},"ast-content-background-meta":{"desktop":{"background-color":"var(--ast-global-color-5)","background-image":"","background-repeat":"repeat","background-position":"center center","background-size":"auto","background-attachment":"scroll","background-type":"","background-media":"","overlay-type":"","overlay-color":"","overlay-opacity":"","overlay-gradient":""},"tablet":{"background-color":"var(--ast-global-color-5)","background-image":"","background-repeat":"repeat","background-position":"center center","background-size":"auto","background-attachment":"scroll","background-type":"","background-media":"","overlay-type":"","overlay-color":"","overlay-opacity":"","overlay-gradient":""},"mobile":{"background-color":"var(--ast-global-color-5)","background-image":"","background-repeat":"repeat","background-position":"center center","background-size":"auto","background-attachment":"scroll","background-type":"","background-media":"","overlay-type":"","overlay-color":"","overlay-opacity":"","overlay-gradient":""}},"_joinchat":[],"footnotes":""},"class_list":["post-220","page","type-page","status-publish","hentry"],"aioseo_notices":[],"uagb_featured_image_src":{"full":false,"thumbnail":false,"medium":false,"medium_large":false,"large":false,"1536x1536":false,"2048x2048":false,"trp-custom-language-flag":false},"uagb_author_info":{"display_name":"jagaravitosc@gmail.com","author_link":"https:\/\/theoneclinic.com.mx\/es\/author\/jagaravitoscgmail-com\/"},"uagb_comment_info":0,"uagb_excerpt":"We\u2019re Just a Message Away\u2014Start Your Healing Journey\u200b Email\u200b Business Hours\u200b Monday \u2014 Friday 9am \u2013 6pmSaturday \u2014 9am \u2013 1pmSunday \u2014 Closed","_links":{"self":[{"href":"https:\/\/theoneclinic.com.mx\/es\/wp-json\/wp\/v2\/pages\/220","targetHints":{"allow":["GET"]}}],"collection":[{"href":"https:\/\/theoneclinic.com.mx\/es\/wp-json\/wp\/v2\/pages"}],"about":[{"href":"https:\/\/theoneclinic.com.mx\/es\/wp-json\/wp\/v2\/types\/page"}],"author":[{"embeddable":true,"href":"https:\/\/theoneclinic.com.mx\/es\/wp-json\/wp\/v2\/users\/1"}],"replies":[{"embeddable":true,"href":"https:\/\/theoneclinic.com.mx\/es\/wp-json\/wp\/v2\/comments?post=220"}],"version-history":[{"count":33,"href":"https:\/\/theoneclinic.com.mx\/es\/wp-json\/wp\/v2\/pages\/220\/revisions"}],"predecessor-version":[{"id":1467,"href":"https:\/\/theoneclinic.com.mx\/es\/wp-json\/wp\/v2\/pages\/220\/revisions\/1467"}],"wp:attachment":[{"href":"https:\/\/theoneclinic.com.mx\/es\/wp-json\/wp\/v2\/media?parent=220"}],"curies":[{"name":"wp","href":"https:\/\/api.w.org\/{rel}","templated":true}]}}